{"id":217,"date":"2018-02-18T19:59:01","date_gmt":"2018-02-18T18:59:01","guid":{"rendered":"http:\/\/185.32.183.148\/ok4md\/?page_id=217"},"modified":"2024-01-13T23:13:18","modified_gmt":"2024-01-13T22:13:18","slug":"cz-ysf-praha","status":"publish","type":"page","link":"https:\/\/ok4md.liveu.cz\/index.php\/cz-ysf-praha\/","title":{"rendered":"C4FM-CZ YSF PRAHA"},"content":{"rendered":"<p><a href=\"http:\/\/ok4md.liveu.cz\/wp-content\/uploads\/2022\/04\/czysfp.png\"><img loading=\"lazy\" decoding=\"async\" class=\"aligncenter wp-image-659 size-large\" src=\"http:\/\/ok4md.liveu.cz\/wp-content\/uploads\/2022\/04\/czysfp-1024x575.png\" alt=\"\" width=\"840\" height=\"472\" srcset=\"https:\/\/ok4md.liveu.cz\/wp-content\/uploads\/2022\/04\/czysfp-1024x575.png 1024w, https:\/\/ok4md.liveu.cz\/wp-content\/uploads\/2022\/04\/czysfp-300x168.png 300w, https:\/\/ok4md.liveu.cz\/wp-content\/uploads\/2022\/04\/czysfp-768x431.png 768w, https:\/\/ok4md.liveu.cz\/wp-content\/uploads\/2022\/04\/czysfp-1200x673.png 1200w, https:\/\/ok4md.liveu.cz\/wp-content\/uploads\/2022\/04\/czysfp.png 1650w\" sizes=\"auto, (max-width: 840px) 100vw, 840px\" \/><\/a><span style=\"font-size: 16px;\"><span style=\"font-family: arial, helvetica, sans-serif;\">K reflektoru jsou v tuto chv\u00edli p\u0159ipojen\u00e9 p\u0159evad\u011b\u010de:<br \/>\n<\/span><span style=\"font-family: arial, helvetica, sans-serif;\"><strong>OK0DPH<\/strong> &#8211; Praha Strahov , DMR + C4FM, VO Petr OK2ZAR<br \/>\n<\/span><span style=\"font-family: arial, helvetica, sans-serif;\"><strong>OK0DNS<\/strong> &#8211; Je\u0161t\u011bdka, C4FM provoz + DMR, VO Martin OK4MD<br \/>\n<\/span><span style=\"font-family: arial, helvetica, sans-serif;\"><strong>OK0BNH<\/strong> &#8211; \u010cernolice, podporuje analogov\u00fd i digit\u00e1ln\u00ed provoz C4FM a DMR. VO Michal OK1LPD<br \/>\n<strong>OK0BNJ<\/strong> &#8211; Ch\u00fd\u0161ky, podporuje analogov\u00fd i digit\u00e1ln\u00ed provoz C4FM a DMR. VO Michal OK1LPD<br \/>\n<strong>OK0DSL\u00a0<\/strong>&#8211; Studen\u00e1 Lou\u010dka, C4FM+DMR, p\u0159ilinkov\u00e1n\u00ed k reflektoru on-demand. VO Petr OK2ZAR<br \/>\n<strong>OK0DOL\u00a0<\/strong>&#8211; Olomouc,\u00a0C4FM+DMR. p\u0159ilinkov\u00e1n\u00ed k reflektoru on-demand. VO Michal OK2PUD<br \/>\n<\/span><\/span><span style=\"font-family: arial, helvetica, sans-serif; font-size: 11pt;\"><span style=\"font-size: 16px;\"><strong>OK0TAD\u00a0<\/strong>&#8211; Lipn\u00edk u Ben\u00e1tek n\/J.\u00a0, p\u0159ilinkov\u00e1n\u00ed k reflektoru on-demand. VO Tom\u00e1\u0161 OK1JOR<\/span><br \/>\n<span style=\"font-size: 16px;\"><strong>OK0DUR &#8211; <\/strong>Prost\u011bjovsko, DMR + C4FM, p\u0159ilinkov\u00e1n\u00ed k reflektoru on-demand, VO Tom OK2VWH<\/span><br \/>\n<span style=\"font-size: 16px;\"><em>Pokud chcete p\u0159ipojit vlastn\u00ed p\u0159evad\u011b\u010d \u010d\u00ed hotspot pi\u0161te na e-mail uveden\u00fd v kontaktech.<br \/>\n<\/em>Propojeni <strong>OK-DMR &lt;&gt; CZ YSF PRAHA<\/strong> na druh\u00e9m timeslotu TG 140 on-demand.<\/span><br \/>\n<span style=\"font-size: 16px;\"><a href=\"http:\/\/c4fm.liveu.cz\" target=\"_blank\" rel=\"noopener\"><strong>Dashboard CZ YSF Praha<\/strong><\/a><\/span><br \/>\n<\/span><\/p>\n<p><iframe loading=\"lazy\" src=\"https:\/\/c4fm.liveu.cz\/\" width=\"900\" height=\"1800\" frameborder=\"0\" marginwidth=\"0\" marginheight=\"0\" scrolling=\"no\"><\/iframe><\/p>\n<p>&nbsp;<\/p>\n","protected":false},"excerpt":{"rendered":"<div class=\"mh-excerpt\"><p>K reflektoru jsou v tuto chv\u00edli p\u0159ipojen\u00e9 p\u0159evad\u011b\u010de: OK0DPH &#8211; Praha Strahov , DMR + C4FM, VO Petr OK2ZAR OK0DNS &#8211; Je\u0161t\u011bdka, C4FM provoz + DMR, VO Martin OK4MD OK0BNH &#8211; \u010cernolice, podporuje analogov\u00fd i digit\u00e1ln\u00ed provoz C4FM a DMR. VO Michal <a class=\"mh-excerpt-more\" href=\"https:\/\/ok4md.liveu.cz\/index.php\/cz-ysf-praha\/\" title=\"C4FM-CZ YSF PRAHA\">[&#8230;]<\/a><\/p>\n<\/div>","protected":false},"author":1,"featured_media":0,"parent":0,"menu_order":0,"comment_status":"open","ping_status":"open","template":"","meta":{"footnotes":""},"class_list":["post-217","page","type-page","status-publish","hentry"],"_links":{"self":[{"href":"https:\/\/ok4md.liveu.cz\/index.php\/wp-json\/wp\/v2\/pages\/217","targetHints":{"allow":["GET"]}}],"collection":[{"href":"https:\/\/ok4md.liveu.cz\/index.php\/wp-json\/wp\/v2\/pages"}],"about":[{"href":"https:\/\/ok4md.liveu.cz\/index.php\/wp-json\/wp\/v2\/types\/page"}],"author":[{"embeddable":true,"href":"https:\/\/ok4md.liveu.cz\/index.php\/wp-json\/wp\/v2\/users\/1"}],"replies":[{"embeddable":true,"href":"https:\/\/ok4md.liveu.cz\/index.php\/wp-json\/wp\/v2\/comments?post=217"}],"version-history":[{"count":37,"href":"https:\/\/ok4md.liveu.cz\/index.php\/wp-json\/wp\/v2\/pages\/217\/revisions"}],"predecessor-version":[{"id":1469,"href":"https:\/\/ok4md.liveu.cz\/index.php\/wp-json\/wp\/v2\/pages\/217\/revisions\/1469"}],"wp:attachment":[{"href":"https:\/\/ok4md.liveu.cz\/index.php\/wp-json\/wp\/v2\/media?parent=217"}],"curies":[{"name":"wp","href":"https:\/\/api.w.org\/{rel}","templated":true}]}}