{"id":306,"date":"2018-03-19T14:54:53","date_gmt":"2018-03-19T13:54:53","guid":{"rendered":"http:\/\/185.32.183.148\/ok4md\/?page_id=306"},"modified":"2023-12-21T09:09:02","modified_gmt":"2023-12-21T08:09:02","slug":"odkazy","status":"publish","type":"page","link":"https:\/\/ok4md.liveu.cz\/index.php\/odkazy\/","title":{"rendered":"Odkazy"},"content":{"rendered":"<p><a href=\"http:\/\/www.prevadece.cz\" target=\"_blank\" rel=\"noopener\"><span style=\"font-family: arial, helvetica, sans-serif; font-size: 14px;\">\u010cesk\u00e1 n\u00e1rodn\u00ed DMR s\u00ed\u0165 OK-DMR<\/span><\/a><br \/>\n<span style=\"font-family: arial, helvetica, sans-serif; font-size: 14px;\"><a href=\"http:\/\/prevadece.smoce.net\/\" target=\"_blank\" rel=\"noopener\">Seznam radioamat\u00e9rsk\u00fdch p\u0159evad\u011b\u010d\u016f a maj\u00e1k\u016f<\/a><br \/>\n<a href=\"http:\/\/aprs.cz\" target=\"_blank\" rel=\"noopener\">Str\u00e1nka v\u011bnovan\u00e1 APRS<\/a><br \/>\n<a href=\"http:\/\/ok1zhv.webnode.cz\" target=\"_blank\" rel=\"noopener\">Radiomat\u00e9rsk\u00fd kurz pro z\u00edsk\u00e1n\u00ed mezin\u00e1rodn\u00edho pr\u016fkazu odborn\u00e9 zpusobilosti<\/a><br \/>\n<a href=\"http:\/\/ctu.cz\" target=\"_blank\" rel=\"noopener\">\u010cesk\u00fd telekomunika\u010dn\u00ed \u00fa\u0159ad &#8211; informace o Amat\u00e9rsk\u00e9 radiokomunika\u010dn\u00ed slu\u017eb\u011b<\/a><br \/>\n<a href=\"https:\/\/amaterskeradio.cz\/cs\" target=\"_blank\" rel=\"noopener\">Zaj\u00edmavosti a info ze sv\u011bta amat\u00e9rsk\u00e9ho r\u00e1dia<\/a><br \/>\n<\/span><a href=\"https:\/\/okff.cz\/cs\" target=\"_blank\" rel=\"noopener\"><span style=\"font-family: arial, helvetica, sans-serif; font-size: 14px;\">Zaj\u00edmavosti, novinky a informace t\u00fdkaj\u00edc\u00ed se programu Flora &amp; Fauna.<\/span><\/a><\/p>\n<p><span style=\"font-family: arial, helvetica, sans-serif; font-size: 14px;\">\u00a0<\/span><\/p>\n<p><span style=\"font-family: arial, helvetica, sans-serif; font-size: 14px;\">\u00a0<\/span><\/p>\n<p>&nbsp;<\/p>\n","protected":false},"excerpt":{"rendered":"<div class=\"mh-excerpt\"><p>\u010cesk\u00e1 n\u00e1rodn\u00ed DMR s\u00ed\u0165 OK-DMR Seznam radioamat\u00e9rsk\u00fdch p\u0159evad\u011b\u010d\u016f a maj\u00e1k\u016f Str\u00e1nka v\u011bnovan\u00e1 APRS Radiomat\u00e9rsk\u00fd kurz pro z\u00edsk\u00e1n\u00ed mezin\u00e1rodn\u00edho pr\u016fkazu odborn\u00e9 zpusobilosti \u010cesk\u00fd telekomunika\u010dn\u00ed \u00fa\u0159ad &#8211; informace o Amat\u00e9rsk\u00e9 radiokomunika\u010dn\u00ed slu\u017eb\u011b Zaj\u00edmavosti a info ze sv\u011bta amat\u00e9rsk\u00e9ho r\u00e1dia Zaj\u00edmavosti, novinky a informace t\u00fdkaj\u00edc\u00ed <a class=\"mh-excerpt-more\" href=\"https:\/\/ok4md.liveu.cz\/index.php\/odkazy\/\" title=\"Odkazy\">[&#8230;]<\/a><\/p>\n<\/div>","protected":false},"author":1,"featured_media":0,"parent":0,"menu_order":0,"comment_status":"open","ping_status":"closed","template":"","meta":{"footnotes":""},"class_list":["post-306","page","type-page","status-publish","hentry"],"_links":{"self":[{"href":"https:\/\/ok4md.liveu.cz\/index.php\/wp-json\/wp\/v2\/pages\/306","targetHints":{"allow":["GET"]}}],"collection":[{"href":"https:\/\/ok4md.liveu.cz\/index.php\/wp-json\/wp\/v2\/pages"}],"about":[{"href":"https:\/\/ok4md.liveu.cz\/index.php\/wp-json\/wp\/v2\/types\/page"}],"author":[{"embeddable":true,"href":"https:\/\/ok4md.liveu.cz\/index.php\/wp-json\/wp\/v2\/users\/1"}],"replies":[{"embeddable":true,"href":"https:\/\/ok4md.liveu.cz\/index.php\/wp-json\/wp\/v2\/comments?post=306"}],"version-history":[{"count":10,"href":"https:\/\/ok4md.liveu.cz\/index.php\/wp-json\/wp\/v2\/pages\/306\/revisions"}],"predecessor-version":[{"id":1465,"href":"https:\/\/ok4md.liveu.cz\/index.php\/wp-json\/wp\/v2\/pages\/306\/revisions\/1465"}],"wp:attachment":[{"href":"https:\/\/ok4md.liveu.cz\/index.php\/wp-json\/wp\/v2\/media?parent=306"}],"curies":[{"name":"wp","href":"https:\/\/api.w.org\/{rel}","templated":true}]}}