{"id":550,"date":"2019-08-05T16:01:37","date_gmt":"2019-08-05T14:01:37","guid":{"rendered":"http:\/\/185.32.183.148\/ok4md\/?page_id=550"},"modified":"2022-11-07T02:16:25","modified_gmt":"2022-11-07T01:16:25","slug":"monitor-provozu-ok-dmr","status":"publish","type":"page","link":"https:\/\/ok4md.liveu.cz\/index.php\/monitor-provozu-ok-dmr\/","title":{"rendered":"Monitor provozu OK-DMR"},"content":{"rendered":"<p><iframe loading=\"lazy\" title=\"DMR Dashboard\" src=\"https:\/\/dashboard.ok-dmr.cz\/dashboard.php?selected=repeaters&amp;format=7x3&amp;title=P\u0159evad\u011b\u010de\" width=\"1000\" height=\"180\"><span style=\"display: inline-block; width: 0px; overflow: hidden; line-height: 0;\" data-mce-type=\"bookmark\" class=\"mce_SELRES_start\">\ufeff<\/span><\/iframe><\/p>\n<p><iframe loading=\"lazy\" title=\"DMR Dashboard\" src=\"https:\/\/dashboard.ok-dmr.cz\/dashboard.php?selected=priv-repeaters&amp;format=7x3&amp;title=Kapesn\u00ed%20p\u0159evad\u011b\u010de\" width=\"1000\" height=\"180\"><span style=\"display: inline-block; width: 0px; overflow: hidden; line-height: 0;\" data-mce-type=\"bookmark\" class=\"mce_SELRES_start\">\ufeff<\/span><span style=\"display: inline-block; width: 0px; overflow: hidden; line-height: 0;\" data-mce-type=\"bookmark\" class=\"mce_SELRES_start\">\ufeff<\/span><\/iframe><\/p>\n<p><iframe loading=\"lazy\" title=\"DMR Dashboard\" src=\"https:\/\/dashboard.ok-dmr.cz\/dashboard.php?selected=hotspots&amp;format=7x3&amp;title=Hotspoty\" width=\"1000\" height=\"180\"><span style=\"display: inline-block; width: 0px; overflow: hidden; line-height: 0;\" data-mce-type=\"bookmark\" class=\"mce_SELRES_start\">\ufeff<\/span><\/iframe><\/p>\n<p><iframe loading=\"lazy\" title=\"DMR Dashboard\" src=\"https:\/\/dashboard.ok-dmr.cz\/dashboard.php?selected=heards\" width=\"1000\" height=\"450\"><span style=\"display: inline-block; width: 0px; overflow: hidden; line-height: 0;\" data-mce-type=\"bookmark\" class=\"mce_SELRES_start\">\ufeff<\/span><\/iframe><\/p>\n<p><a href=\"https:\/\/dashboard.ok-dmr.cz\" target=\"_blank\" rel=\"noopener\"><span style=\"font-family: arial, helvetica, sans-serif;\">odkaz na Dashboard<\/span><\/a><\/p>\n","protected":false},"excerpt":{"rendered":"<div class=\"mh-excerpt\"><p>\ufeff \ufeff\ufeff \ufeff \ufeff odkaz na Dashboard<\/p>\n<\/div>","protected":false},"author":1,"featured_media":0,"parent":0,"menu_order":0,"comment_status":"closed","ping_status":"closed","template":"","meta":{"_themeisle_gutenberg_block_has_review":false,"footnotes":""},"class_list":["post-550","page","type-page","status-publish","hentry"],"_links":{"self":[{"href":"https:\/\/ok4md.liveu.cz\/index.php\/wp-json\/wp\/v2\/pages\/550","targetHints":{"allow":["GET"]}}],"collection":[{"href":"https:\/\/ok4md.liveu.cz\/index.php\/wp-json\/wp\/v2\/pages"}],"about":[{"href":"https:\/\/ok4md.liveu.cz\/index.php\/wp-json\/wp\/v2\/types\/page"}],"author":[{"embeddable":true,"href":"https:\/\/ok4md.liveu.cz\/index.php\/wp-json\/wp\/v2\/users\/1"}],"replies":[{"embeddable":true,"href":"https:\/\/ok4md.liveu.cz\/index.php\/wp-json\/wp\/v2\/comments?post=550"}],"version-history":[{"count":30,"href":"https:\/\/ok4md.liveu.cz\/index.php\/wp-json\/wp\/v2\/pages\/550\/revisions"}],"predecessor-version":[{"id":942,"href":"https:\/\/ok4md.liveu.cz\/index.php\/wp-json\/wp\/v2\/pages\/550\/revisions\/942"}],"wp:attachment":[{"href":"https:\/\/ok4md.liveu.cz\/index.php\/wp-json\/wp\/v2\/media?parent=550"}],"curies":[{"name":"wp","href":"https:\/\/api.w.org\/{rel}","templated":true}]}}