{"id":9,"date":"2018-02-04T23:46:15","date_gmt":"2018-02-04T22:46:15","guid":{"rendered":"http:\/\/ham.liveu.cz\/?page_id=9"},"modified":"2026-03-08T09:44:19","modified_gmt":"2026-03-08T08:44:19","slug":"kontakt","status":"publish","type":"page","link":"https:\/\/ok4md.liveu.cz\/index.php\/kontakt\/","title":{"rendered":"Kontakt"},"content":{"rendered":"<p><span style=\"font-family: arial, helvetica, sans-serif;\">Z\u00e1kladn\u00ed info <a href=\"http:\/\/185.91.118.176\/ok4md\/index.html\" target=\"_blank\" rel=\"noopener\">o mn\u011b.<\/a><br \/>\nE-mail: <a href=\"mailto:martin@ok4md.eu\">martin@ok4md.eu<\/a><\/span><\/p>\n<p><span style=\"font-family: arial, helvetica, sans-serif;\">CZ DMR : TalkGroup\u00a0 140<br \/>\nC4FM: YSF reflektor CZ YSF Praha<br \/>\nEcholink: node number 7359 OK4MD-L Praha<br \/>\nAllStarLink node number 613740<\/span><\/p>\n","protected":false},"excerpt":{"rendered":"<div class=\"mh-excerpt\"><p>Z\u00e1kladn\u00ed info o mn\u011b. E-mail: martin@ok4md.eu CZ DMR : TalkGroup\u00a0 140 C4FM: YSF reflektor CZ YSF Praha Echolink: node number 7359 OK4MD-L Praha AllStarLink node number 613740<\/p>\n<\/div>","protected":false},"author":1,"featured_media":0,"parent":0,"menu_order":0,"comment_status":"closed","ping_status":"closed","template":"","meta":{"footnotes":""},"class_list":["post-9","page","type-page","status-publish","hentry"],"_links":{"self":[{"href":"https:\/\/ok4md.liveu.cz\/index.php\/wp-json\/wp\/v2\/pages\/9","targetHints":{"allow":["GET"]}}],"collection":[{"href":"https:\/\/ok4md.liveu.cz\/index.php\/wp-json\/wp\/v2\/pages"}],"about":[{"href":"https:\/\/ok4md.liveu.cz\/index.php\/wp-json\/wp\/v2\/types\/page"}],"author":[{"embeddable":true,"href":"https:\/\/ok4md.liveu.cz\/index.php\/wp-json\/wp\/v2\/users\/1"}],"replies":[{"embeddable":true,"href":"https:\/\/ok4md.liveu.cz\/index.php\/wp-json\/wp\/v2\/comments?post=9"}],"version-history":[{"count":10,"href":"https:\/\/ok4md.liveu.cz\/index.php\/wp-json\/wp\/v2\/pages\/9\/revisions"}],"predecessor-version":[{"id":2036,"href":"https:\/\/ok4md.liveu.cz\/index.php\/wp-json\/wp\/v2\/pages\/9\/revisions\/2036"}],"wp:attachment":[{"href":"https:\/\/ok4md.liveu.cz\/index.php\/wp-json\/wp\/v2\/media?parent=9"}],"curies":[{"name":"wp","href":"https:\/\/api.w.org\/{rel}","templated":true}]}}